{"id":48840,"date":"2023-07-16T17:21:05","date_gmt":"2023-07-16T15:21:05","guid":{"rendered":"https:\/\/www.franz-josef.cz\/?page_id=48840"},"modified":"2023-12-31T15:17:00","modified_gmt":"2023-12-31T14:17:00","slug":"bannery-ke-stazeni","status":"publish","type":"page","link":"https:\/\/www.franz-josef.cz\/de\/bannery-ke-stazeni\/","title":{"rendered":"Banner zum Herunterladen"},"content":{"rendered":"<div data-elementor-type=\"wp-page\" data-elementor-id=\"48840\" class=\"elementor elementor-48840\" data-elementor-post-type=\"page\">\n\t\t\t\t\t\t<section data-particle_enable=\"false\" data-particle-mobile-disabled=\"false\" class=\"elementor-section elementor-top-section elementor-element elementor-element-137ce43 elementor-section-boxed elementor-section-height-default elementor-section-height-default\" data-id=\"137ce43\" data-element_type=\"section\" data-e-type=\"section\">\n\t\t\t\t\t\t<div class=\"elementor-container elementor-column-gap-default\">\n\t\t\t\t\t<div class=\"elementor-column elementor-col-100 elementor-top-column elementor-element elementor-element-44c4c35\" data-id=\"44c4c35\" data-element_type=\"column\" data-e-type=\"column\">\n\t\t\t<div class=\"elementor-widget-wrap elementor-element-populated\">\n\t\t\t\t\t\t<div class=\"elementor-element elementor-element-e8ceabf elementor-widget elementor-widget-text-editor\" data-id=\"e8ceabf\" data-element_type=\"widget\" data-e-type=\"widget\" data-widget_type=\"text-editor.default\">\n\t\t\t\t<div class=\"elementor-widget-container\">\n\t\t\t\t\t\t\t\t\t<p>Hier finden Sie die Banner und deren HTML-Code, die Sie an der gew\u00fcnschten Anzeigestelle auf Ihrer Website einf\u00fcgen k\u00f6nnen.<\/p>\t\t\t\t\t\t\t\t<\/div>\n\t\t\t\t<\/div>\n\t\t\t\t\t<\/div>\n\t\t<\/div>\n\t\t\t\t\t<\/div>\n\t\t<\/section>\n\t\t\t\t<section data-particle_enable=\"false\" data-particle-mobile-disabled=\"false\" class=\"elementor-section elementor-top-section elementor-element elementor-element-45556f4 elementor-section-boxed elementor-section-height-default elementor-section-height-default\" data-id=\"45556f4\" data-element_type=\"section\" data-e-type=\"section\">\n\t\t\t\t\t\t<div class=\"elementor-container elementor-column-gap-default\">\n\t\t\t\t\t<div class=\"elementor-column elementor-col-100 elementor-top-column elementor-element elementor-element-3069c0a\" data-id=\"3069c0a\" data-element_type=\"column\" data-e-type=\"column\">\n\t\t\t<div class=\"elementor-widget-wrap elementor-element-populated\">\n\t\t\t\t\t\t<div class=\"elementor-element elementor-element-05f1eee elementor-widget elementor-widget-image\" data-id=\"05f1eee\" data-element_type=\"widget\" data-e-type=\"widget\" data-widget_type=\"image.default\">\n\t\t\t\t<div class=\"elementor-widget-container\">\n\t\t\t\t\t\t\t\t\t\t\t\t<figure class=\"wp-caption\">\n\t\t\t\t\t\t\t\t\t\t\t<a href=\"https:\/\/www.franz-josef.cz\/wp-content\/uploads\/2023\/12\/Muzeum-cisare-Franz-Josefa-I.-Reklamni-banner-1100-x-100-px.gif\" data-elementor-open-lightbox=\"yes\" data-elementor-lightbox-description=\"Muzeum c\u00edsa\u0159e Franz Josefa I. - Reklamn\u00ed banner (1100 x 100 px)\" data-e-action-hash=\"#elementor-action%3Aaction%3Dlightbox%26settings%3DeyJpZCI6NTM1MjgsInVybCI6Imh0dHBzOlwvXC93d3cuZnJhbnotam9zZWYuY3pcL3dwLWNvbnRlbnRcL3VwbG9hZHNcLzIwMjNcLzEyXC9NdXpldW0tY2lzYXJlLUZyYW56LUpvc2VmYS1JLi1SZWtsYW1uaS1iYW5uZXItMTEwMC14LTEwMC1weC5naWYifQ%3D%3D\">\n\t\t\t\t\t\t\t<img fetchpriority=\"high\" decoding=\"async\" width=\"1100\" height=\"100\" src=\"https:\/\/www.franz-josef.cz\/wp-content\/uploads\/2023\/12\/Muzeum-cisare-Franz-Josefa-I.-Reklamni-banner-1100-x-100-px.gif\" class=\"attachment-full size-full wp-image-53528\" alt=\"\" \/>\t\t\t\t\t\t\t\t<\/a>\n\t\t\t\t\t\t\t\t\t\t\t<figcaption class=\"widget-image-caption wp-caption-text\">1100 x 100 px<\/figcaption>\n\t\t\t\t\t\t\t\t\t\t<\/figure>\n\t\t\t\t\t\t\t\t\t<\/div>\n\t\t\t\t<\/div>\n\t\t\t\t<div class=\"elementor-element elementor-element-be351d1 elementor-widget elementor-widget-code-highlight\" data-id=\"be351d1\" data-element_type=\"widget\" data-e-type=\"widget\" data-widget_type=\"code-highlight.default\">\n\t\t\t\t<div class=\"elementor-widget-container\">\n\t\t\t\t\t\t\t<div class=\"prismjs-default copy-to-clipboard word-wrap\">\n\t\t\t<pre data-line=\"\" class=\"highlight-height language-html\">\n\t\t\t\t<code readonly=\"true\" class=\"language-html\">\n\t\t\t\t\t<xmp><a href=\"https:\/\/www.franz-josef.cz\/de\"><img decoding=\"async\" class=\"alignnone wp-image-52639 size-full lazyload\" data-src=\"https:\/\/www.franz-josef.cz\/wp-content\/uploads\/2023\/12\/Muzeum-cisare-Franz-Josefa-I.-Reklamni-banner-1100-x-100-px.gif\" alt=\"\" width=\"1100\" height=\"100\" src=\"data:image\/gif;base64,R0lGODlhAQABAAAAACH5BAEKAAEALAAAAAABAAEAAAICTAEAOw==\" style=\"--smush-placeholder-width: 1100px; --smush-placeholder-aspect-ratio: 1100\/100;\" \/><noscript><img decoding=\"async\" class=\"alignnone wp-image-52639 size-full\" src=\"https:\/\/www.franz-josef.cz\/wp-content\/uploads\/2023\/12\/Muzeum-cisare-Franz-Josefa-I.-Reklamni-banner-1100-x-100-px.gif\" alt=\"\" width=\"1100\" height=\"100\" \/><\/noscript><\/a><\/xmp>\n\t\t\t\t<\/code>\n\t\t\t<\/pre>\n\t\t<\/div>\n\t\t\t\t\t\t<\/div>\n\t\t\t\t<\/div>\n\t\t\t\t\t<\/div>\n\t\t<\/div>\n\t\t\t\t\t<\/div>\n\t\t<\/section>\n\t\t\t\t<section data-particle_enable=\"false\" data-particle-mobile-disabled=\"false\" class=\"elementor-section elementor-top-section elementor-element elementor-element-64670ca elementor-section-boxed elementor-section-height-default elementor-section-height-default\" data-id=\"64670ca\" data-element_type=\"section\" data-e-type=\"section\">\n\t\t\t\t\t\t<div class=\"elementor-container elementor-column-gap-default\">\n\t\t\t\t\t<div class=\"elementor-column elementor-col-100 elementor-top-column elementor-element elementor-element-3dca4f0\" data-id=\"3dca4f0\" data-element_type=\"column\" data-e-type=\"column\">\n\t\t\t<div class=\"elementor-widget-wrap elementor-element-populated\">\n\t\t\t\t\t\t<div class=\"elementor-element elementor-element-8adaa3a elementor-widget elementor-widget-image\" data-id=\"8adaa3a\" data-element_type=\"widget\" data-e-type=\"widget\" data-widget_type=\"image.default\">\n\t\t\t\t<div class=\"elementor-widget-container\">\n\t\t\t\t\t\t\t\t\t\t\t\t<figure class=\"wp-caption\">\n\t\t\t\t\t\t\t\t\t\t\t<a href=\"https:\/\/www.franz-josef.cz\/wp-content\/uploads\/2023\/09\/Muzeum-cisare-Franz-Josefa-I.-Reklamni-banner.gif\" data-elementor-open-lightbox=\"yes\" data-elementor-lightbox-description=\"Muzeum c\u00edsa\u0159e Franz Josefa I. - Reklamn\u00ed banner\" data-e-action-hash=\"#elementor-action%3Aaction%3Dlightbox%26settings%3DeyJpZCI6NTI2MzksInVybCI6Imh0dHBzOlwvXC93d3cuZnJhbnotam9zZWYuY3pcL3dwLWNvbnRlbnRcL3VwbG9hZHNcLzIwMjNcLzA5XC9NdXpldW0tY2lzYXJlLUZyYW56LUpvc2VmYS1JLi1SZWtsYW1uaS1iYW5uZXIuZ2lmIn0%3D\">\n\t\t\t\t\t\t\t<img decoding=\"async\" width=\"1020\" height=\"207\" data-src=\"https:\/\/www.franz-josef.cz\/wp-content\/uploads\/2023\/09\/Muzeum-cisare-Franz-Josefa-I.-Reklamni-banner.gif\" class=\"attachment-full size-full wp-image-52639 lazyload\" alt=\"\" src=\"data:image\/gif;base64,R0lGODlhAQABAAAAACH5BAEKAAEALAAAAAABAAEAAAICTAEAOw==\" style=\"--smush-placeholder-width: 1020px; --smush-placeholder-aspect-ratio: 1020\/207;\" \/><noscript><img decoding=\"async\" width=\"1020\" height=\"207\" src=\"https:\/\/www.franz-josef.cz\/wp-content\/uploads\/2023\/09\/Muzeum-cisare-Franz-Josefa-I.-Reklamni-banner.gif\" class=\"attachment-full size-full wp-image-52639\" alt=\"\" \/><\/noscript>\t\t\t\t\t\t\t\t<\/a>\n\t\t\t\t\t\t\t\t\t\t\t<figcaption class=\"widget-image-caption wp-caption-text\">1020 x 207 px<\/figcaption>\n\t\t\t\t\t\t\t\t\t\t<\/figure>\n\t\t\t\t\t\t\t\t\t<\/div>\n\t\t\t\t<\/div>\n\t\t\t\t<div class=\"elementor-element elementor-element-93803a4 elementor-widget elementor-widget-code-highlight\" data-id=\"93803a4\" data-element_type=\"widget\" data-e-type=\"widget\" data-widget_type=\"code-highlight.default\">\n\t\t\t\t<div class=\"elementor-widget-container\">\n\t\t\t\t\t\t\t<div class=\"prismjs-default copy-to-clipboard word-wrap\">\n\t\t\t<pre data-line=\"\" class=\"highlight-height language-html\">\n\t\t\t\t<code readonly=\"true\" class=\"language-html\">\n\t\t\t\t\t<xmp><a href=\"https:\/\/www.franz-josef.cz\/de\"><img decoding=\"async\" class=\"alignnone wp-image-52639 size-full lazyload\" data-src=\"https:\/\/www.franz-josef.cz\/wp-content\/uploads\/2023\/09\/Muzeum-cisare-Franz-Josefa-I.-Reklamni-banner.gif\" alt=\"\" width=\"1020\" height=\"207\" src=\"data:image\/gif;base64,R0lGODlhAQABAAAAACH5BAEKAAEALAAAAAABAAEAAAICTAEAOw==\" style=\"--smush-placeholder-width: 1020px; --smush-placeholder-aspect-ratio: 1020\/207;\" \/><noscript><img loading=\"lazy\" decoding=\"async\" class=\"alignnone wp-image-52639 size-full\" src=\"https:\/\/www.franz-josef.cz\/wp-content\/uploads\/2023\/09\/Muzeum-cisare-Franz-Josefa-I.-Reklamni-banner.gif\" alt=\"\" width=\"1020\" height=\"207\" \/><\/noscript><\/a><\/xmp>\n\t\t\t\t<\/code>\n\t\t\t<\/pre>\n\t\t<\/div>\n\t\t\t\t\t\t<\/div>\n\t\t\t\t<\/div>\n\t\t\t\t\t<\/div>\n\t\t<\/div>\n\t\t\t\t\t<\/div>\n\t\t<\/section>\n\t\t\t\t<section data-particle_enable=\"false\" data-particle-mobile-disabled=\"false\" class=\"elementor-section elementor-top-section elementor-element elementor-element-a3b37d5 elementor-section-boxed elementor-section-height-default elementor-section-height-default\" data-id=\"a3b37d5\" data-element_type=\"section\" data-e-type=\"section\">\n\t\t\t\t\t\t<div class=\"elementor-container elementor-column-gap-default\">\n\t\t\t\t\t<div class=\"elementor-column elementor-col-100 elementor-top-column elementor-element elementor-element-1f4117a\" data-id=\"1f4117a\" data-element_type=\"column\" data-e-type=\"column\">\n\t\t\t<div class=\"elementor-widget-wrap elementor-element-populated\">\n\t\t\t\t\t\t<div class=\"elementor-element elementor-element-084551d elementor-widget elementor-widget-image\" data-id=\"084551d\" data-element_type=\"widget\" data-e-type=\"widget\" data-widget_type=\"image.default\">\n\t\t\t\t<div class=\"elementor-widget-container\">\n\t\t\t\t\t\t\t\t\t\t\t\t<figure class=\"wp-caption\">\n\t\t\t\t\t\t\t\t\t\t\t<a href=\"https:\/\/www.franz-josef.cz\/wp-content\/uploads\/2023\/12\/Muzeum-cisare-Franz-Josefa-I.-Reklamni-banner-logo-500-x-185-px.png\" data-elementor-open-lightbox=\"yes\" data-elementor-lightbox-description=\"Muzeum c\u00edsa\u0159e Franz Josefa I. - Reklamn\u00ed banner - logo (500 x 185 px)\" data-e-action-hash=\"#elementor-action%3Aaction%3Dlightbox%26settings%3DeyJpZCI6NTM1MzQsInVybCI6Imh0dHBzOlwvXC93d3cuZnJhbnotam9zZWYuY3pcL3dwLWNvbnRlbnRcL3VwbG9hZHNcLzIwMjNcLzEyXC9NdXpldW0tY2lzYXJlLUZyYW56LUpvc2VmYS1JLi1SZWtsYW1uaS1iYW5uZXItbG9nby01MDAteC0xODUtcHgucG5nIn0%3D\">\n\t\t\t\t\t\t\t<img decoding=\"async\" width=\"500\" height=\"185\" data-src=\"https:\/\/www.franz-josef.cz\/wp-content\/uploads\/2023\/12\/Muzeum-cisare-Franz-Josefa-I.-Reklamni-banner-logo-500-x-185-px.png\" class=\"attachment-full size-full wp-image-53534 lazyload\" alt=\"\" data-srcset=\"https:\/\/www.franz-josef.cz\/wp-content\/uploads\/2023\/12\/Muzeum-cisare-Franz-Josefa-I.-Reklamni-banner-logo-500-x-185-px.png 500w, https:\/\/www.franz-josef.cz\/wp-content\/uploads\/2023\/12\/Muzeum-cisare-Franz-Josefa-I.-Reklamni-banner-logo-500-x-185-px-300x111.png 300w, https:\/\/www.franz-josef.cz\/wp-content\/uploads\/2023\/12\/Muzeum-cisare-Franz-Josefa-I.-Reklamni-banner-logo-500-x-185-px-18x7.png 18w\" data-sizes=\"(max-width: 500px) 100vw, 500px\" src=\"data:image\/gif;base64,R0lGODlhAQABAAAAACH5BAEKAAEALAAAAAABAAEAAAICTAEAOw==\" style=\"--smush-placeholder-width: 500px; --smush-placeholder-aspect-ratio: 500\/185;\" \/><noscript><img loading=\"lazy\" decoding=\"async\" width=\"500\" height=\"185\" src=\"https:\/\/www.franz-josef.cz\/wp-content\/uploads\/2023\/12\/Muzeum-cisare-Franz-Josefa-I.-Reklamni-banner-logo-500-x-185-px.png\" class=\"attachment-full size-full wp-image-53534\" alt=\"\" srcset=\"https:\/\/www.franz-josef.cz\/wp-content\/uploads\/2023\/12\/Muzeum-cisare-Franz-Josefa-I.-Reklamni-banner-logo-500-x-185-px.png 500w, https:\/\/www.franz-josef.cz\/wp-content\/uploads\/2023\/12\/Muzeum-cisare-Franz-Josefa-I.-Reklamni-banner-logo-500-x-185-px-300x111.png 300w, https:\/\/www.franz-josef.cz\/wp-content\/uploads\/2023\/12\/Muzeum-cisare-Franz-Josefa-I.-Reklamni-banner-logo-500-x-185-px-18x7.png 18w\" sizes=\"(max-width: 500px) 100vw, 500px\" \/><\/noscript>\t\t\t\t\t\t\t\t<\/a>\n\t\t\t\t\t\t\t\t\t\t\t<figcaption class=\"widget-image-caption wp-caption-text\">500 x 185 px<\/figcaption>\n\t\t\t\t\t\t\t\t\t\t<\/figure>\n\t\t\t\t\t\t\t\t\t<\/div>\n\t\t\t\t<\/div>\n\t\t\t\t<div class=\"elementor-element elementor-element-0345902 elementor-widget elementor-widget-code-highlight\" data-id=\"0345902\" data-element_type=\"widget\" data-e-type=\"widget\" data-widget_type=\"code-highlight.default\">\n\t\t\t\t<div class=\"elementor-widget-container\">\n\t\t\t\t\t\t\t<div class=\"prismjs-default copy-to-clipboard word-wrap\">\n\t\t\t<pre data-line=\"\" class=\"highlight-height language-html\">\n\t\t\t\t<code readonly=\"true\" class=\"language-html\">\n\t\t\t\t\t<xmp><a href=\"https:\/\/www.franz-josef.cz\/de\"><img decoding=\"async\" class=\"alignnone wp-image-52639 size-full lazyload\" data-src=\"https:\/\/www.franz-josef.cz\/wp-content\/uploads\/2023\/12\/Muzeum-cisare-Franz-Josefa-I.-Reklamni-banner-logo-500-x-185-px.png\" alt=\"\" width=\"500\" height=\"185\" src=\"data:image\/gif;base64,R0lGODlhAQABAAAAACH5BAEKAAEALAAAAAABAAEAAAICTAEAOw==\" style=\"--smush-placeholder-width: 500px; --smush-placeholder-aspect-ratio: 500\/185;\" \/><noscript><img loading=\"lazy\" decoding=\"async\" class=\"alignnone wp-image-52639 size-full\" src=\"https:\/\/www.franz-josef.cz\/wp-content\/uploads\/2023\/12\/Muzeum-cisare-Franz-Josefa-I.-Reklamni-banner-logo-500-x-185-px.png\" alt=\"\" width=\"500\" height=\"185\" \/><\/noscript><\/a><\/xmp>\n\t\t\t\t<\/code>\n\t\t\t<\/pre>\n\t\t<\/div>\n\t\t\t\t\t\t<\/div>\n\t\t\t\t<\/div>\n\t\t\t\t\t<\/div>\n\t\t<\/div>\n\t\t\t\t\t<\/div>\n\t\t<\/section>\n\t\t\t\t<section data-particle_enable=\"false\" data-particle-mobile-disabled=\"false\" class=\"elementor-section elementor-top-section elementor-element elementor-element-fed44bc elementor-section-boxed elementor-section-height-default elementor-section-height-default\" data-id=\"fed44bc\" data-element_type=\"section\" data-e-type=\"section\">\n\t\t\t\t\t\t<div class=\"elementor-container elementor-column-gap-default\">\n\t\t\t\t\t<div class=\"elementor-column elementor-col-100 elementor-top-column elementor-element elementor-element-e076420\" data-id=\"e076420\" data-element_type=\"column\" data-e-type=\"column\">\n\t\t\t<div class=\"elementor-widget-wrap elementor-element-populated\">\n\t\t\t\t\t\t<div class=\"elementor-element elementor-element-c2b0547 elementor-widget elementor-widget-image\" data-id=\"c2b0547\" data-element_type=\"widget\" data-e-type=\"widget\" data-widget_type=\"image.default\">\n\t\t\t\t<div class=\"elementor-widget-container\">\n\t\t\t\t\t\t\t\t\t\t\t\t<figure class=\"wp-caption\">\n\t\t\t\t\t\t\t\t\t\t\t<a href=\"https:\/\/www.franz-josef.cz\/wp-content\/uploads\/2023\/07\/franz-josef-banner-125x125-1.jpg\" data-elementor-open-lightbox=\"yes\" data-elementor-lightbox-description=\"franz-josef-banner-125x125\" data-e-action-hash=\"#elementor-action%3Aaction%3Dlightbox%26settings%3DeyJpZCI6NDg4NTQsInVybCI6Imh0dHBzOlwvXC93d3cuZnJhbnotam9zZWYuY3pcL3dwLWNvbnRlbnRcL3VwbG9hZHNcLzIwMjNcLzA3XC9mcmFuei1qb3NlZi1iYW5uZXItMTI1eDEyNS0xLmpwZyJ9\">\n\t\t\t\t\t\t\t<img decoding=\"async\" width=\"125\" height=\"125\" data-src=\"https:\/\/www.franz-josef.cz\/wp-content\/uploads\/2023\/07\/franz-josef-banner-125x125-1.jpg\" class=\"attachment-full size-full wp-image-48854 lazyload\" alt=\"\" src=\"data:image\/gif;base64,R0lGODlhAQABAAAAACH5BAEKAAEALAAAAAABAAEAAAICTAEAOw==\" style=\"--smush-placeholder-width: 125px; --smush-placeholder-aspect-ratio: 125\/125;\" \/><noscript><img loading=\"lazy\" decoding=\"async\" width=\"125\" height=\"125\" src=\"https:\/\/www.franz-josef.cz\/wp-content\/uploads\/2023\/07\/franz-josef-banner-125x125-1.jpg\" class=\"attachment-full size-full wp-image-48854\" alt=\"\" \/><\/noscript>\t\t\t\t\t\t\t\t<\/a>\n\t\t\t\t\t\t\t\t\t\t\t<figcaption class=\"widget-image-caption wp-caption-text\">125 x 125 px<\/figcaption>\n\t\t\t\t\t\t\t\t\t\t<\/figure>\n\t\t\t\t\t\t\t\t\t<\/div>\n\t\t\t\t<\/div>\n\t\t\t\t<div class=\"elementor-element elementor-element-3bfac83 elementor-widget elementor-widget-code-highlight\" data-id=\"3bfac83\" data-element_type=\"widget\" data-e-type=\"widget\" data-widget_type=\"code-highlight.default\">\n\t\t\t\t<div class=\"elementor-widget-container\">\n\t\t\t\t\t\t\t<div class=\"prismjs-default copy-to-clipboard word-wrap\">\n\t\t\t<pre data-line=\"\" class=\"highlight-height language-html\">\n\t\t\t\t<code readonly=\"true\" class=\"language-html\">\n\t\t\t\t\t<xmp><a href=\"http:\/\/www.franz-josef.cz\/de\/\"><img decoding=\"async\" data-src=\"http:\/\/www.franz-josef.cz\/img\/banner\/franz-josef-banner-125x125.jpg\" height=\"125\" width=\"125\" src=\"data:image\/gif;base64,R0lGODlhAQABAAAAACH5BAEKAAEALAAAAAABAAEAAAICTAEAOw==\" class=\"lazyload\" style=\"--smush-placeholder-width: 125px; --smush-placeholder-aspect-ratio: 125\/125;\"><noscript><img loading=\"lazy\" decoding=\"async\" src=\"http:\/\/www.franz-josef.cz\/img\/banner\/franz-josef-banner-125x125.jpg\" height=\"125\" width=\"125\"><\/noscript><\/a><\/xmp>\n\t\t\t\t<\/code>\n\t\t\t<\/pre>\n\t\t<\/div>\n\t\t\t\t\t\t<\/div>\n\t\t\t\t<\/div>\n\t\t\t\t\t<\/div>\n\t\t<\/div>\n\t\t\t\t\t<\/div>\n\t\t<\/section>\n\t\t\t\t<\/div>","protected":false},"excerpt":{"rendered":"<p>Zde jsou bannery a jejich html k\u00f3d, kter\u00fd m\u016f\u017eete vlo\u017eit na V\u00e1mi po\u017eadovan\u00e9 m\u00edsto zobrazen\u00ed ve Va\u0161ich str\u00e1nk\u00e1ch. 1100 x 100 px 1020 x 207 px 500 x 185 px 125 x 125 px<\/p>","protected":false},"author":1,"featured_media":0,"parent":0,"menu_order":0,"comment_status":"closed","ping_status":"closed","template":"","meta":{"inline_featured_image":false,"footnotes":""},"class_list":["post-48840","page","type-page","status-publish","hentry"],"yoast_head":"<!-- This site is optimized with the Yoast SEO Premium plugin v20.12 (Yoast SEO v27.2) - https:\/\/yoast.com\/product\/yoast-seo-premium-wordpress\/ -->\n<title>Bannery ke sta\u017een\u00ed &#8212; Muzeum c\u00edsa\u0159e Franz Josefa I.<\/title>\n<meta name=\"robots\" content=\"index, follow, max-snippet:-1, max-image-preview:large, max-video-preview:-1\" \/>\n<link rel=\"canonical\" href=\"https:\/\/www.franz-josef.cz\/de\/bannery-ke-stazeni\/\" \/>\n<meta property=\"og:locale\" content=\"de_DE\" \/>\n<meta property=\"og:type\" content=\"article\" \/>\n<meta property=\"og:title\" content=\"Bannery ke sta\u017een\u00ed\" \/>\n<meta property=\"og:description\" content=\"Zde jsou bannery a jejich html k\u00f3d, kter\u00fd m\u016f\u017eete vlo\u017eit na V\u00e1mi po\u017eadovan\u00e9 m\u00edsto zobrazen\u00ed ve Va\u0161ich str\u00e1nk\u00e1ch. 1100 x 100 px 1020 x 207 px 500 x 185 px 125 x 125 px\" \/>\n<meta property=\"og:url\" content=\"https:\/\/www.franz-josef.cz\/de\/bannery-ke-stazeni\/\" \/>\n<meta property=\"og:site_name\" content=\"Muzeum c\u00edsa\u0159e Franz Josefa I.\" \/>\n<meta property=\"article:modified_time\" content=\"2023-12-31T14:17:00+00:00\" \/>\n<meta property=\"og:image\" content=\"https:\/\/www.franz-josef.cz\/wp-content\/uploads\/2023\/12\/Muzeum-cisare-Franz-Josefa-I.-Reklamni-banner-1100-x-100-px.gif\" \/>\n<meta name=\"twitter:card\" content=\"summary_large_image\" \/>\n<meta name=\"twitter:label1\" content=\"Gesch\u00e4tzte Lesezeit\" \/>\n\t<meta name=\"twitter:data1\" content=\"2\u00a0Minuten\" \/>\n<script type=\"application\/ld+json\" class=\"yoast-schema-graph\">{\"@context\":\"https:\/\/schema.org\",\"@graph\":[{\"@type\":\"WebPage\",\"@id\":\"https:\/\/www.franz-josef.cz\/bannery-ke-stazeni\/\",\"url\":\"https:\/\/www.franz-josef.cz\/bannery-ke-stazeni\/\",\"name\":\"Bannery ke sta\u017een\u00ed &#8212; Muzeum c\u00edsa\u0159e Franz Josefa I.\",\"isPartOf\":{\"@id\":\"https:\/\/www.franz-josef.cz\/#website\"},\"primaryImageOfPage\":{\"@id\":\"https:\/\/www.franz-josef.cz\/bannery-ke-stazeni\/#primaryimage\"},\"image\":{\"@id\":\"https:\/\/www.franz-josef.cz\/bannery-ke-stazeni\/#primaryimage\"},\"thumbnailUrl\":\"https:\/\/www.franz-josef.cz\/wp-content\/uploads\/2023\/12\/Muzeum-cisare-Franz-Josefa-I.-Reklamni-banner-1100-x-100-px.gif\",\"datePublished\":\"2023-07-16T15:21:05+00:00\",\"dateModified\":\"2023-12-31T14:17:00+00:00\",\"breadcrumb\":{\"@id\":\"https:\/\/www.franz-josef.cz\/bannery-ke-stazeni\/#breadcrumb\"},\"inLanguage\":\"de\",\"potentialAction\":[{\"@type\":\"ReadAction\",\"target\":[\"https:\/\/www.franz-josef.cz\/bannery-ke-stazeni\/\"]}]},{\"@type\":\"ImageObject\",\"inLanguage\":\"de\",\"@id\":\"https:\/\/www.franz-josef.cz\/bannery-ke-stazeni\/#primaryimage\",\"url\":\"https:\/\/www.franz-josef.cz\/wp-content\/uploads\/2023\/12\/Muzeum-cisare-Franz-Josefa-I.-Reklamni-banner-1100-x-100-px.gif\",\"contentUrl\":\"https:\/\/www.franz-josef.cz\/wp-content\/uploads\/2023\/12\/Muzeum-cisare-Franz-Josefa-I.-Reklamni-banner-1100-x-100-px.gif\"},{\"@type\":\"BreadcrumbList\",\"@id\":\"https:\/\/www.franz-josef.cz\/bannery-ke-stazeni\/#breadcrumb\",\"itemListElement\":[{\"@type\":\"ListItem\",\"position\":1,\"name\":\"Home\",\"item\":\"https:\/\/www.franz-josef.cz\/\"},{\"@type\":\"ListItem\",\"position\":2,\"name\":\"Bannery ke sta\u017een\u00ed\"}]},{\"@type\":\"WebSite\",\"@id\":\"https:\/\/www.franz-josef.cz\/#website\",\"url\":\"https:\/\/www.franz-josef.cz\/\",\"name\":\"Muzeum c\u00edsa\u0159e Franz Josefa I.\",\"description\":\"\",\"publisher\":{\"@id\":\"https:\/\/www.franz-josef.cz\/#organization\"},\"alternateName\":\"Franz Joseph\",\"potentialAction\":[{\"@type\":\"SearchAction\",\"target\":{\"@type\":\"EntryPoint\",\"urlTemplate\":\"https:\/\/www.franz-josef.cz\/?s={search_term_string}\"},\"query-input\":{\"@type\":\"PropertyValueSpecification\",\"valueRequired\":true,\"valueName\":\"search_term_string\"}}],\"inLanguage\":\"de\"},{\"@type\":\"Organization\",\"@id\":\"https:\/\/www.franz-josef.cz\/#organization\",\"name\":\"Muzeum Franz Josefa I.\",\"alternateName\":\"Franz Jozef\",\"url\":\"https:\/\/www.franz-josef.cz\/\",\"logo\":{\"@type\":\"ImageObject\",\"inLanguage\":\"de\",\"@id\":\"https:\/\/www.franz-josef.cz\/#\/schema\/logo\/image\/\",\"url\":\"https:\/\/www.franz-josef.cz\/wp-content\/uploads\/2023\/08\/Muzeum-Franz-Jozef-logo-696x696-1.png\",\"contentUrl\":\"https:\/\/www.franz-josef.cz\/wp-content\/uploads\/2023\/08\/Muzeum-Franz-Jozef-logo-696x696-1.png\",\"width\":696,\"height\":696,\"caption\":\"Muzeum Franz Josefa I.\"},\"image\":{\"@id\":\"https:\/\/www.franz-josef.cz\/#\/schema\/logo\/image\/\"}}]}<\/script>\n<!-- \/ Yoast SEO Premium plugin. -->","yoast_head_json":{"title":"Bannery ke sta\u017een\u00ed &#8212; Muzeum c\u00edsa\u0159e Franz Josefa I.","robots":{"index":"index","follow":"follow","max-snippet":"max-snippet:-1","max-image-preview":"max-image-preview:large","max-video-preview":"max-video-preview:-1"},"canonical":"https:\/\/www.franz-josef.cz\/de\/bannery-ke-stazeni\/","og_locale":"de_DE","og_type":"article","og_title":"Bannery ke sta\u017een\u00ed","og_description":"Zde jsou bannery a jejich html k\u00f3d, kter\u00fd m\u016f\u017eete vlo\u017eit na V\u00e1mi po\u017eadovan\u00e9 m\u00edsto zobrazen\u00ed ve Va\u0161ich str\u00e1nk\u00e1ch. 1100 x 100 px 1020 x 207 px 500 x 185 px 125 x 125 px","og_url":"https:\/\/www.franz-josef.cz\/de\/bannery-ke-stazeni\/","og_site_name":"Muzeum c\u00edsa\u0159e Franz Josefa I.","article_modified_time":"2023-12-31T14:17:00+00:00","og_image":[{"url":"https:\/\/www.franz-josef.cz\/wp-content\/uploads\/2023\/12\/Muzeum-cisare-Franz-Josefa-I.-Reklamni-banner-1100-x-100-px.gif","type":"","width":"","height":""}],"twitter_card":"summary_large_image","twitter_misc":{"Gesch\u00e4tzte Lesezeit":"2\u00a0Minuten"},"schema":{"@context":"https:\/\/schema.org","@graph":[{"@type":"WebPage","@id":"https:\/\/www.franz-josef.cz\/bannery-ke-stazeni\/","url":"https:\/\/www.franz-josef.cz\/bannery-ke-stazeni\/","name":"Bannery ke sta\u017een\u00ed &#8212; Muzeum c\u00edsa\u0159e Franz Josefa I.","isPartOf":{"@id":"https:\/\/www.franz-josef.cz\/#website"},"primaryImageOfPage":{"@id":"https:\/\/www.franz-josef.cz\/bannery-ke-stazeni\/#primaryimage"},"image":{"@id":"https:\/\/www.franz-josef.cz\/bannery-ke-stazeni\/#primaryimage"},"thumbnailUrl":"https:\/\/www.franz-josef.cz\/wp-content\/uploads\/2023\/12\/Muzeum-cisare-Franz-Josefa-I.-Reklamni-banner-1100-x-100-px.gif","datePublished":"2023-07-16T15:21:05+00:00","dateModified":"2023-12-31T14:17:00+00:00","breadcrumb":{"@id":"https:\/\/www.franz-josef.cz\/bannery-ke-stazeni\/#breadcrumb"},"inLanguage":"de","potentialAction":[{"@type":"ReadAction","target":["https:\/\/www.franz-josef.cz\/bannery-ke-stazeni\/"]}]},{"@type":"ImageObject","inLanguage":"de","@id":"https:\/\/www.franz-josef.cz\/bannery-ke-stazeni\/#primaryimage","url":"https:\/\/www.franz-josef.cz\/wp-content\/uploads\/2023\/12\/Muzeum-cisare-Franz-Josefa-I.-Reklamni-banner-1100-x-100-px.gif","contentUrl":"https:\/\/www.franz-josef.cz\/wp-content\/uploads\/2023\/12\/Muzeum-cisare-Franz-Josefa-I.-Reklamni-banner-1100-x-100-px.gif"},{"@type":"BreadcrumbList","@id":"https:\/\/www.franz-josef.cz\/bannery-ke-stazeni\/#breadcrumb","itemListElement":[{"@type":"ListItem","position":1,"name":"Home","item":"https:\/\/www.franz-josef.cz\/"},{"@type":"ListItem","position":2,"name":"Bannery ke sta\u017een\u00ed"}]},{"@type":"WebSite","@id":"https:\/\/www.franz-josef.cz\/#website","url":"https:\/\/www.franz-josef.cz\/","name":"Muzeum c\u00edsa\u0159e Franz Josefa I.","description":"","publisher":{"@id":"https:\/\/www.franz-josef.cz\/#organization"},"alternateName":"Franz Joseph","potentialAction":[{"@type":"SearchAction","target":{"@type":"EntryPoint","urlTemplate":"https:\/\/www.franz-josef.cz\/?s={search_term_string}"},"query-input":{"@type":"PropertyValueSpecification","valueRequired":true,"valueName":"search_term_string"}}],"inLanguage":"de"},{"@type":"Organization","@id":"https:\/\/www.franz-josef.cz\/#organization","name":"Muzeum Franz Josefa I.","alternateName":"Franz Jozef","url":"https:\/\/www.franz-josef.cz\/","logo":{"@type":"ImageObject","inLanguage":"de","@id":"https:\/\/www.franz-josef.cz\/#\/schema\/logo\/image\/","url":"https:\/\/www.franz-josef.cz\/wp-content\/uploads\/2023\/08\/Muzeum-Franz-Jozef-logo-696x696-1.png","contentUrl":"https:\/\/www.franz-josef.cz\/wp-content\/uploads\/2023\/08\/Muzeum-Franz-Jozef-logo-696x696-1.png","width":696,"height":696,"caption":"Muzeum Franz Josefa I."},"image":{"@id":"https:\/\/www.franz-josef.cz\/#\/schema\/logo\/image\/"}}]}},"_links":{"self":[{"href":"https:\/\/www.franz-josef.cz\/de\/wp-json\/wp\/v2\/pages\/48840","targetHints":{"allow":["GET"]}}],"collection":[{"href":"https:\/\/www.franz-josef.cz\/de\/wp-json\/wp\/v2\/pages"}],"about":[{"href":"https:\/\/www.franz-josef.cz\/de\/wp-json\/wp\/v2\/types\/page"}],"author":[{"embeddable":true,"href":"https:\/\/www.franz-josef.cz\/de\/wp-json\/wp\/v2\/users\/1"}],"replies":[{"embeddable":true,"href":"https:\/\/www.franz-josef.cz\/de\/wp-json\/wp\/v2\/comments?post=48840"}],"version-history":[{"count":34,"href":"https:\/\/www.franz-josef.cz\/de\/wp-json\/wp\/v2\/pages\/48840\/revisions"}],"predecessor-version":[{"id":53549,"href":"https:\/\/www.franz-josef.cz\/de\/wp-json\/wp\/v2\/pages\/48840\/revisions\/53549"}],"wp:attachment":[{"href":"https:\/\/www.franz-josef.cz\/de\/wp-json\/wp\/v2\/media?parent=48840"}],"curies":[{"name":"wp","href":"https:\/\/api.w.org\/{rel}","templated":true}]}}